{"id":1599,"date":"2026-01-23T14:03:41","date_gmt":"2026-01-23T13:03:41","guid":{"rendered":"https:\/\/finansepoznan.pl\/?page_id=1599"},"modified":"2026-01-23T14:17:12","modified_gmt":"2026-01-23T13:17:12","slug":"blog","status":"publish","type":"page","link":"https:\/\/finansepoznan.pl\/index.php\/blog\/","title":{"rendered":"Blog"},"content":{"rendered":"\t\t<div data-elementor-type=\"wp-page\" data-elementor-id=\"1599\" class=\"elementor elementor-1599\" data-elementor-post-type=\"page\">\n\t\t\t\t<div class=\"elementor-element elementor-element-cad14ef e-flex e-con-boxed e-con e-parent\" data-id=\"cad14ef\" data-element_type=\"container\">\n\t\t\t\t\t<div class=\"e-con-inner\">\n\t\t\t\t<div class=\"elementor-element elementor-element-f684550 elementor-grid-3 elementor-grid-tablet-2 elementor-grid-mobile-1 elementor-posts--thumbnail-top elementor-posts--show-avatar elementor-card-shadow-yes elementor-posts__hover-gradient elementor-widget elementor-widget-posts\" data-id=\"f684550\" data-element_type=\"widget\" data-settings=\"{&quot;cards_columns&quot;:&quot;3&quot;,&quot;cards_columns_tablet&quot;:&quot;2&quot;,&quot;cards_columns_mobile&quot;:&quot;1&quot;,&quot;cards_row_gap&quot;:{&quot;unit&quot;:&quot;px&quot;,&quot;size&quot;:35,&quot;sizes&quot;:[]},&quot;cards_row_gap_tablet&quot;:{&quot;unit&quot;:&quot;px&quot;,&quot;size&quot;:&quot;&quot;,&quot;sizes&quot;:[]},&quot;cards_row_gap_mobile&quot;:{&quot;unit&quot;:&quot;px&quot;,&quot;size&quot;:&quot;&quot;,&quot;sizes&quot;:[]}}\" data-widget_type=\"posts.cards\">\n\t\t\t\t<div class=\"elementor-widget-container\">\n\t\t\t\t\t\t\t<div class=\"elementor-posts-container elementor-posts elementor-posts--skin-cards elementor-grid\" role=\"list\">\n\t\t\t\t<article class=\"elementor-post elementor-grid-item post-1668 post type-post status-publish format-standard has-post-thumbnail hentry category-bez-kategorii\" role=\"listitem\">\n\t\t\t<div class=\"elementor-post__card\">\n\t\t\t\t<a class=\"elementor-post__thumbnail__link\" href=\"https:\/\/finansepoznan.pl\/index.php\/2026\/04\/12\/profesjonalne-wsparcie-finansow-za-0-zl-wyjasniamy-jak-to-dziala\/\" tabindex=\"-1\" ><div class=\"elementor-post__thumbnail\"><img decoding=\"async\" width=\"178\" height=\"100\" src=\"https:\/\/finansepoznan.pl\/wp-content\/uploads\/2025\/09\/logostrona.png\" class=\"attachment-medium size-medium wp-image-160\" alt=\"\" \/><\/div><\/a>\n\t\t\t\t<div class=\"elementor-post__badge\">Bez kategorii<\/div>\n\t\t\t\t<div class=\"elementor-post__avatar\">\n\t\t\t<img alt='pawel@new-page.pl' src='https:\/\/secure.gravatar.com\/avatar\/da28900261591319b9911942b7cd30fc9333dc0f24bfdafe6ed2424b039cd6ab?s=128&#038;d=mm&#038;r=g' srcset='https:\/\/secure.gravatar.com\/avatar\/da28900261591319b9911942b7cd30fc9333dc0f24bfdafe6ed2424b039cd6ab?s=256&#038;d=mm&#038;r=g 2x' class='avatar avatar-128 photo' height='128' width='128' \/>\t\t<\/div>\n\t\t\t\t<div class=\"elementor-post__text\">\n\t\t\t\t<h3 class=\"elementor-post__title\">\n\t\t\t<a href=\"https:\/\/finansepoznan.pl\/index.php\/2026\/04\/12\/profesjonalne-wsparcie-finansow-za-0-zl-wyjasniamy-jak-to-dziala\/\" >\n\t\t\t\tProfesjonalne wsparcie finans\u00f3w za 0 z\u0142 ? Wyja\u015bniamy, jak to dzia\u0142a!\t\t\t<\/a>\n\t\t<\/h3>\n\t\t\t\t<div class=\"elementor-post__excerpt\">\n\t\t\t<p>Cz\u0119sto spotykamy si\u0119 z pytaniem: \u201eGdzie jest haczyk? Dlaczego Wasza pomoc nic mnie nie kosztuje?\u201d. Odpowied\u017a jest prosta: stawiamy na pe\u0142n\u0105 transparentno\u015b\u0107. Chcemy, aby\u015b czu\u0142<\/p>\n\t\t<\/div>\n\t\t\n\t\t<a class=\"elementor-post__read-more\" href=\"https:\/\/finansepoznan.pl\/index.php\/2026\/04\/12\/profesjonalne-wsparcie-finansow-za-0-zl-wyjasniamy-jak-to-dziala\/\" aria-label=\"Read more about Profesjonalne wsparcie finans\u00f3w za 0 z\u0142 ? Wyja\u015bniamy, jak to dzia\u0142a!\" tabindex=\"-1\" >\n\t\t\tCzytaj wi\u0119cej \u00bb\t\t<\/a>\n\n\t\t\t\t<\/div>\n\t\t\t\t<div class=\"elementor-post__meta-data\">\n\t\t\t\t\t<span class=\"elementor-post-date\">\n\t\t\t2026-04-12\t\t<\/span>\n\t\t\t\t<span class=\"elementor-post-avatar\">\n\t\t\tBrak komentarzy\t\t<\/span>\n\t\t\t\t<\/div>\n\t\t\t\t\t<\/div>\n\t\t<\/article>\n\t\t\t\t<article class=\"elementor-post elementor-grid-item post-1607 post type-post status-publish format-standard has-post-thumbnail hentry category-bez-kategorii\" role=\"listitem\">\n\t\t\t<div class=\"elementor-post__card\">\n\t\t\t\t<a class=\"elementor-post__thumbnail__link\" href=\"https:\/\/finansepoznan.pl\/index.php\/2026\/01\/23\/witaj-na-blogu-biura-finanse-poznan\/\" tabindex=\"-1\" ><div class=\"elementor-post__thumbnail\"><img decoding=\"async\" width=\"300\" height=\"139\" src=\"https:\/\/finansepoznan.pl\/wp-content\/uploads\/2026\/01\/1-WhatsApp-01-23-2026_02_11_PM-300x139.png\" class=\"attachment-medium size-medium wp-image-1612\" alt=\"\" srcset=\"https:\/\/finansepoznan.pl\/wp-content\/uploads\/2026\/01\/1-WhatsApp-01-23-2026_02_11_PM-300x139.png 300w, https:\/\/finansepoznan.pl\/wp-content\/uploads\/2026\/01\/1-WhatsApp-01-23-2026_02_11_PM-1024x475.png 1024w, https:\/\/finansepoznan.pl\/wp-content\/uploads\/2026\/01\/1-WhatsApp-01-23-2026_02_11_PM-768x356.png 768w, https:\/\/finansepoznan.pl\/wp-content\/uploads\/2026\/01\/1-WhatsApp-01-23-2026_02_11_PM.png 1121w\" sizes=\"(max-width: 300px) 100vw, 300px\" \/><\/div><\/a>\n\t\t\t\t<div class=\"elementor-post__badge\">Bez kategorii<\/div>\n\t\t\t\t<div class=\"elementor-post__avatar\">\n\t\t\t<img alt='pawel@new-page.pl' src='https:\/\/secure.gravatar.com\/avatar\/da28900261591319b9911942b7cd30fc9333dc0f24bfdafe6ed2424b039cd6ab?s=128&#038;d=mm&#038;r=g' srcset='https:\/\/secure.gravatar.com\/avatar\/da28900261591319b9911942b7cd30fc9333dc0f24bfdafe6ed2424b039cd6ab?s=256&#038;d=mm&#038;r=g 2x' class='avatar avatar-128 photo' height='128' width='128' \/>\t\t<\/div>\n\t\t\t\t<div class=\"elementor-post__text\">\n\t\t\t\t<h3 class=\"elementor-post__title\">\n\t\t\t<a href=\"https:\/\/finansepoznan.pl\/index.php\/2026\/01\/23\/witaj-na-blogu-biura-finanse-poznan\/\" >\n\t\t\t\tWitaj na blogu Biura Finanse Pozna\u0144!\t\t\t<\/a>\n\t\t<\/h3>\n\t\t\t\t<div class=\"elementor-post__excerpt\">\n\t\t\t<p>Kim jeste\u015bmy? Jeste\u015bmy zespo\u0142em do\u015bwiadczonych doradc\u00f3w finansowych i specjalist\u00f3w, kt\u00f3rzy od lat wspieraj\u0105 naszych klient\u00f3w w realizacji ich cel\u00f3w finansowych &#8211; od planowania bud\u017cetu, przez<\/p>\n\t\t<\/div>\n\t\t\n\t\t<a class=\"elementor-post__read-more\" href=\"https:\/\/finansepoznan.pl\/index.php\/2026\/01\/23\/witaj-na-blogu-biura-finanse-poznan\/\" aria-label=\"Read more about Witaj na blogu Biura Finanse Pozna\u0144!\" tabindex=\"-1\" >\n\t\t\tCzytaj wi\u0119cej \u00bb\t\t<\/a>\n\n\t\t\t\t<\/div>\n\t\t\t\t<div class=\"elementor-post__meta-data\">\n\t\t\t\t\t<span class=\"elementor-post-date\">\n\t\t\t2026-01-23\t\t<\/span>\n\t\t\t\t<span class=\"elementor-post-avatar\">\n\t\t\tBrak komentarzy\t\t<\/span>\n\t\t\t\t<\/div>\n\t\t\t\t\t<\/div>\n\t\t<\/article>\n\t\t\t\t<\/div>\n\t\t\n\t\t\t\t\t\t<\/div>\n\t\t\t\t<\/div>\n\t\t\t\t\t<\/div>\n\t\t\t\t<\/div>\n\t\t\t\t<\/div>\n\t\t","protected":false},"excerpt":{"rendered":"","protected":false},"author":1,"featured_media":0,"parent":0,"menu_order":0,"comment_status":"closed","ping_status":"closed","template":"","meta":{"footnotes":""},"class_list":["post-1599","page","type-page","status-publish","hentry"],"_links":{"self":[{"href":"https:\/\/finansepoznan.pl\/index.php\/wp-json\/wp\/v2\/pages\/1599","targetHints":{"allow":["GET"]}}],"collection":[{"href":"https:\/\/finansepoznan.pl\/index.php\/wp-json\/wp\/v2\/pages"}],"about":[{"href":"https:\/\/finansepoznan.pl\/index.php\/wp-json\/wp\/v2\/types\/page"}],"author":[{"embeddable":true,"href":"https:\/\/finansepoznan.pl\/index.php\/wp-json\/wp\/v2\/users\/1"}],"replies":[{"embeddable":true,"href":"https:\/\/finansepoznan.pl\/index.php\/wp-json\/wp\/v2\/comments?post=1599"}],"version-history":[{"count":16,"href":"https:\/\/finansepoznan.pl\/index.php\/wp-json\/wp\/v2\/pages\/1599\/revisions"}],"predecessor-version":[{"id":1627,"href":"https:\/\/finansepoznan.pl\/index.php\/wp-json\/wp\/v2\/pages\/1599\/revisions\/1627"}],"wp:attachment":[{"href":"https:\/\/finansepoznan.pl\/index.php\/wp-json\/wp\/v2\/media?parent=1599"}],"curies":[{"name":"wp","href":"https:\/\/api.w.org\/{rel}","templated":true}]}}